{"id":4305,"date":"2021-11-20T13:34:30","date_gmt":"2021-11-20T13:34:30","guid":{"rendered":"https:\/\/bacsante.org\/?page_id=4305"},"modified":"2022-01-08T14:56:49","modified_gmt":"2022-01-08T14:56:49","slug":"qui-sommes-nous","status":"publish","type":"page","link":"https:\/\/bacsante.org\/?page_id=4305","title":{"rendered":"Qui sommes nous"},"content":{"rendered":"<p>[vc_row fullwidth=&#8221;0&#8243; row_space=&#8221;remove_padding&#8221; isfullwidth=&#8221;0&#8243;][vc_column][vc_row_inner el_class=&#8221;page-banner&#8221;][vc_column_inner el_class=&#8221;page-banner&#8221;][vc_single_image image=&#8221;4289&#8243; img_size=&#8221;full&#8221; alignment=&#8221;center&#8221; el_class=&#8221;blurry-image&#8221;][vc_column_text el_class=&#8221;banner-title&#8221;]QUI SOMMES NOUS[\/vc_column_text][\/vc_column_inner][\/vc_row_inner][\/vc_column][\/vc_row][vc_row][vc_column][vc_row_inner][vc_column_inner][gva_block_heading title=&#8221;\u00c0 Propos De Nous&#8221; style=&#8221;style-2&#8243; align=&#8221;align-left&#8221; desc=&#8221;Aenean lacinia bibendum nulla sed consectetur. Integer posuere erat a ante venenatis dapibus posuere velit aliquet.&#8221; subtitle=&#8221;Bacsant\u00e9&#8221;]BACSant\u00e9 est un Bureau d\u2019Assistance et Conseil cr\u00e9\u00e9 en 2020 \u00e0 l\u2019initiative d\u2019un promoteur entour\u00e9 d\u2019experts confirm\u00e9s qui, \u00e0 la mesure de leur exp\u00e9rience et de leur comp\u00e9tence tiss\u00e9es depuis de longues ann\u00e9es de vie professionnelle, ont pris la d\u00e9cision de mettre en place un bureau de services \u00a0pour apporter des solutions et des r\u00e9ponses adapt\u00e9es et concr\u00e8tes aux entreprises, organisations nationales et internationales, missions diplomatiques et projets, dans le domaine de la sant\u00e9.[\/gva_block_heading][\/vc_column_inner][\/vc_row_inner][\/vc_column][\/vc_row][vc_row isfullwidth=&#8221;0&#8243; css=&#8221;.vc_custom_1535009088606{background-color: #f2f2f2 !important;background-position: 0 0 !important;background-repeat: repeat !important;}&#8221;][vc_column offset=&#8221;vc_col-lg-12 vc_col-md-12&#8243;][vc_row_inner][vc_column_inner][gva_block_heading title=&#8221;Nos valeurs&#8221; style=&#8221;style-2&#8243; align=&#8221;align-left&#8221; desc=&#8221;Aenean lacinia bibendum nulla sed consectetur. Integer posuere erat a ante venenatis dapibus posuere velit aliquet.&#8221; subtitle=&#8221;Bacsant\u00e9&#8221;][\/gva_block_heading][\/vc_column_inner][\/vc_row_inner][vc_row_inner][vc_column_inner width=&#8221;1\/2&#8243;][gva_icon_box title=&#8221;Int\u00e9grit\u00e9&#8221; icon=&#8221;gv-icon-422&#8243; description=&#8221;Nous tenons \u00e0 la confiance et la transparence dans nos relations avec les clients et les partenaires, gage indispensable \u00e0 la qualit\u00e9 de nos r\u00e9alisations.&#8221; icon_position=&#8221;top-left-title&#8221; icon_width=&#8221;fa-2x&#8221; icon_border=&#8221;border-1&#8243; icon_radius=&#8221;radius-5x&#8221; icon_background=&#8221;#fff&#8221;][\/vc_column_inner][vc_column_inner width=&#8221;1\/2&#8243;][gva_icon_box title=&#8221;Professionnalisme&#8221; icon=&#8221;gv-icon-1083&#8243; description=&#8221;La qualit\u00e9 de nos interventions, l\u2019am\u00e9lioration continue des connaissances et la promptitude caract\u00e9risent notre travail.&#8221; icon_position=&#8221;top-left-title&#8221; icon_width=&#8221;fa-2x&#8221; icon_border=&#8221;border-1&#8243; icon_radius=&#8221;radius-5x&#8221; icon_background=&#8221;#fff&#8221;][\/vc_column_inner][\/vc_row_inner][vc_row_inner][vc_column_inner width=&#8221;1\/2&#8243;][gva_icon_box title=&#8221;Ouverture&#8221; icon=&#8221;gv-icon-420&#8243; description=&#8221;Nous sommes tourn\u00e9s vers des partenariats constructifs et sommes partisans de la collaboration \u00e9troite avec les institutions nationales et internationales, les ONG et les structures sanitaires engag\u00e9es dans la sant\u00e9.&#8221; icon_position=&#8221;top-left-title&#8221; icon_width=&#8221;fa-2x&#8221; icon_border=&#8221;border-1&#8243; icon_radius=&#8221;radius-5x&#8221; icon_background=&#8221;#fff&#8221;][\/vc_column_inner][vc_column_inner width=&#8221;1\/2&#8243;][\/vc_column_inner][\/vc_row_inner][\/vc_column][\/vc_row][vc_row isfullwidth=&#8221;0&#8243; css=&#8221;.vc_custom_1639850262097{background-color: #ffffff !important;background-position: 0 0 !important;background-repeat: repeat !important;}&#8221;][vc_column offset=&#8221;vc_col-lg-12 vc_col-md-12&#8243;][vc_row_inner][vc_column_inner][gva_block_heading title=&#8221;Notre \u00e9quipe&#8221; style=&#8221;style-2&#8243; align=&#8221;align-left&#8221; desc=&#8221;Aenean lacinia bibendum nulla sed consectetur. Integer posuere erat a ante venenatis dapibus posuere velit aliquet.&#8221; subtitle=&#8221;Bacsant\u00e9&#8221;][\/gva_block_heading][\/vc_column_inner][\/vc_row_inner][vc_row_inner content_placement=&#8221;middle&#8221;][vc_column_inner width=&#8221;1\/2&#8243; offset=&#8221;vc_col-xs-12&#8243;][vc_column_text]<\/p>\n<ul>\n<li>\n<h4>M\u00e9decins experts en sant\u00e9 public, \u00e9pid\u00e9miologie, urgence et catastrophe<\/h4>\n<\/li>\n<li>\n<h4>Pharmacien expert en gestion d\u2019approvisionnement des stocks<\/h4>\n<\/li>\n<li>\n<h4>Expert environnementaliste<\/h4>\n<\/li>\n<li>\n<h4>Ing\u00e9nieur statisticien<\/h4>\n<\/li>\n<li>\n<h4>Ing\u00e9nieur Biom\u00e9dical<\/h4>\n<\/li>\n<li>\n<h4>Expert en \u00e9conomie et d\u00e9veloppement<\/h4>\n<\/li>\n<\/ul>\n<p>[\/vc_column_text][\/vc_column_inner][vc_column_inner width=&#8221;1\/2&#8243; offset=&#8221;vc_col-xs-12&#8243;][vc_single_image image=&#8221;4260&#8243; img_size=&#8221;full&#8221; alignment=&#8221;center&#8221;][\/vc_column_inner][\/vc_row_inner][\/vc_column][\/vc_row][vc_row isfullwidth=&#8221;0&#8243; css=&#8221;.vc_custom_1641199142593{background-color: #f2f2f2 !important;background-position: 0 0 !important;background-repeat: repeat !important;}&#8221;][vc_column offset=&#8221;vc_col-lg-12 vc_col-md-12&#8243;][vc_row_inner][vc_column_inner][gva_block_heading title=&#8221;Dr Bavon Mukanya&#8221; style=&#8221;style-2&#8243; align=&#8221;align-left&#8221; desc=&#8221;Aenean lacinia bibendum nulla sed consectetur. Integer posuere erat a ante venenatis dapibus posuere velit aliquet.&#8221; subtitle=&#8221;Portrait du promoteur&#8221;][\/gva_block_heading][\/vc_column_inner][\/vc_row_inner][vc_row_inner gap=&#8221;10&#8243;][vc_column_inner width=&#8221;1\/2&#8243;][vc_single_image image=&#8221;4370&#8243; img_size=&#8221;full&#8221; alignment=&#8221;center&#8221;][\/vc_column_inner][vc_column_inner width=&#8221;1\/2&#8243; css=&#8221;.vc_custom_1641199112686{margin-top: 5px !important;}&#8221;][vc_column_text]M\u00e9decin, clinicien, expert en sant\u00e9 publique et \u00e9pid\u00e9miologie. Sp\u00e9cialiste en sant\u00e9 environnementale et economie de d\u00e9veloppement 30 ans d&#8217;experience dans le domaine de la sant\u00e9: pratique clinique, gestion des projets de sant\u00e9 publique: banque mondiale, fond mondial. Conseil et assistance en sant\u00e9: ambassade des Etats-unis, ambassade Sud africaine, Commission Europ\u00e9enne \u00e0 Kinshasa.<\/p>\n<p>Ancien Expert sant\u00e9 au Projet Pro-Routes de la Banque Mondiale\u00a0: Prise en charge et pr\u00e9vention des maladies pour les travailleurs des chantiers routiers, la population riveraine, les usagers de la route et les populations sp\u00e9cifiques \u00e0 risque. Organisation de la lutte contre les \u00e9pid\u00e9mies. Assainissement des bases-vie. Implantation de dispensaires et infirmeries de chantiers. Contrats de soins m\u00e9dicaux avec les structures sanitaires existantes \u00e0 proximit\u00e9 des chantiers au b\u00e9n\u00e9fice des travailleurs et organisation de transferts m\u00e9dicaux.<\/p>\n<p>Ancien Expert sant\u00e9 au Fonds Mondial pour le paludisme, le VIH et la tuberculose Suivi et \u00e9valuation et renforcement de capacit\u00e9s des prestataires sanitaires dans 11 provinces de la RDC.<\/p>\n<ul>\n<li>Dipl\u00f4m\u00e9 de la Facult\u00e9 de M\u00e9decine Universit\u00e9 de Kinshasa.<\/li>\n<li>Dipl\u00f4m\u00e9 en Sant\u00e9 Publique de l\u2019universit\u00e9 Lorraine, Nancy1<\/li>\n<li>Dipl\u00f4m\u00e9 en Epid\u00e9miologie de l\u2019Universit\u00e9 Bordeaux 2<\/li>\n<li>Dipl\u00f4m\u00e9 en Economie et D\u00e9veloppement des Facult\u00e9s Catholiques de Kinshasa<\/li>\n<\/ul>\n<p>[\/vc_column_text][\/vc_column_inner][\/vc_row_inner][\/vc_column][\/vc_row]<\/p>\n","protected":false},"excerpt":{"rendered":"<p>[vc_row fullwidth=&#8221;0&#8243; row_space=&#8221;remove_padding&#8221; isfullwidth=&#8221;0&#8243;][vc_column][vc_row_inner el_class=&#8221;page-banner&#8221;][vc_column_inner el_class=&#8221;page-banner&#8221;][vc_single_image image=&#8221;4289&#8243; img_size=&#8221;full&#8221; alignment=&#8221;center&#8221; el_class=&#8221;blurry-image&#8221;][vc_column_text el_class=&#8221;banner-title&#8221;]QUI SOMMES NOUS[\/vc_column_text][\/vc_column_inner][\/vc_row_inner][\/vc_column][\/vc_row][vc_row][vc_column][vc_row_inner][vc_column_inner][gva_block_heading title=&#8221;\u00c0 Propos De Nous&#8221; style=&#8221;style-2&#8243; align=&#8221;align-left&#8221; desc=&#8221;Aenean lacinia bibendum nulla sed consectetur. Integer posuere erat a ante venenatis dapibus posuere velit aliquet.&#8221; subtitle=&#8221;Bacsant\u00e9&#8221;]BACSant\u00e9 est un Bureau d\u2019Assistance et Conseil cr\u00e9\u00e9 en 2020 \u00e0 l\u2019initiative d\u2019un promoteur entour\u00e9 d\u2019experts confirm\u00e9s qui, \u00e0 la [&hellip;]<\/p>\n","protected":false},"author":2,"featured_media":0,"parent":0,"menu_order":0,"comment_status":"closed","ping_status":"closed","template":"","meta":{"_monsterinsights_skip_tracking":false,"_monsterinsights_sitenote_active":false,"_monsterinsights_sitenote_note":"","_monsterinsights_sitenote_category":0},"_links":{"self":[{"href":"https:\/\/bacsante.org\/index.php?rest_route=\/wp\/v2\/pages\/4305"}],"collection":[{"href":"https:\/\/bacsante.org\/index.php?rest_route=\/wp\/v2\/pages"}],"about":[{"href":"https:\/\/bacsante.org\/index.php?rest_route=\/wp\/v2\/types\/page"}],"author":[{"embeddable":true,"href":"https:\/\/bacsante.org\/index.php?rest_route=\/wp\/v2\/users\/2"}],"replies":[{"embeddable":true,"href":"https:\/\/bacsante.org\/index.php?rest_route=%2Fwp%2Fv2%2Fcomments&post=4305"}],"version-history":[{"count":24,"href":"https:\/\/bacsante.org\/index.php?rest_route=\/wp\/v2\/pages\/4305\/revisions"}],"predecessor-version":[{"id":4382,"href":"https:\/\/bacsante.org\/index.php?rest_route=\/wp\/v2\/pages\/4305\/revisions\/4382"}],"wp:attachment":[{"href":"https:\/\/bacsante.org\/index.php?rest_route=%2Fwp%2Fv2%2Fmedia&parent=4305"}],"curies":[{"name":"wp","href":"https:\/\/api.w.org\/{rel}","templated":true}]}}