{"id":4319,"date":"2021-11-21T14:48:49","date_gmt":"2021-11-21T14:48:49","guid":{"rendered":"https:\/\/bacsante.org\/?page_id=4319"},"modified":"2022-01-11T20:34:17","modified_gmt":"2022-01-11T20:34:17","slug":"nos-services","status":"publish","type":"page","link":"https:\/\/bacsante.org\/?page_id=4319","title":{"rendered":"Nos services"},"content":{"rendered":"<p>[vc_row fullwidth=&#8221;0&#8243; row_space=&#8221;remove_padding&#8221; isfullwidth=&#8221;0&#8243;][vc_column][vc_row_inner el_class=&#8221;page-banner&#8221;][vc_column_inner el_class=&#8221;page-banner&#8221;][vc_single_image image=&#8221;4150&#8243; img_size=&#8221;full&#8221; alignment=&#8221;center&#8221; el_class=&#8221;blurry-image&#8221;][vc_column_text el_class=&#8221;banner-title&#8221;]NOS SERVICES[\/vc_column_text][\/vc_column_inner][\/vc_row_inner][\/vc_column][\/vc_row][vc_row isfullwidth=&#8221;0&#8243; css=&#8221;.vc_custom_1641928917716{background-color: #ffffff !important;background-position: 0 0 !important;background-repeat: repeat !important;}&#8221;][vc_column offset=&#8221;vc_col-lg-12 vc_col-md-12&#8243;][vc_row_inner][vc_column_inner width=&#8221;1\/2&#8243; offset=&#8221;vc_col-xs-12&#8243;][gva_block_heading title=&#8221;Contrats et conventions des soins m\u00e9dicaux&#8221; style=&#8221;style-2&#8243; align=&#8221;align-left&#8221; desc=&#8221;Aenean lacinia bibendum nulla sed consectetur. Integer posuere erat a ante venenatis dapibus posuere velit aliquet.&#8221; subtitle=&#8221;Bacsant\u00e9&#8221;][\/gva_block_heading][vc_column_text]<\/p>\n<ul>\n<li>\n<h4>Type de contrat<\/h4>\n<\/li>\n<li>\n<h4>Type de convention<\/h4>\n<\/li>\n<li>\n<h4>Qualit\u00e9 de soins<\/h4>\n<\/li>\n<li>\n<h4>Evaluation des couts<\/h4>\n<\/li>\n<li>\n<h4>Analyse des factures<\/h4>\n<\/li>\n<\/ul>\n<p>[\/vc_column_text][\/vc_column_inner][vc_column_inner width=&#8221;1\/2&#8243; offset=&#8221;vc_col-xs-12&#8243;][vc_single_image image=&#8221;4388&#8243; img_size=&#8221;full&#8221; alignment=&#8221;center&#8221;][\/vc_column_inner][\/vc_row_inner][\/vc_column][\/vc_row][vc_row isfullwidth=&#8221;0&#8243; css=&#8221;.vc_custom_1535009088606{background-color: #f2f2f2 !important;background-position: 0 0 !important;background-repeat: repeat !important;}&#8221;][vc_column offset=&#8221;vc_col-lg-12 vc_col-md-12&#8243;][vc_row_inner][vc_column_inner width=&#8221;1\/2&#8243; offset=&#8221;vc_col-xs-12&#8243;][vc_single_image image=&#8221;4266&#8243; img_size=&#8221;full&#8221; alignment=&#8221;center&#8221;][\/vc_column_inner][vc_column_inner width=&#8221;1\/2&#8243; offset=&#8221;vc_col-xs-12&#8243;][gva_block_heading title=&#8221;S\u00e9curit\u00e9 m\u00e9dico-sanitaire des chantiers des grands travaux&#8221; style=&#8221;style-2&#8243; align=&#8221;align-left&#8221; desc=&#8221;Aenean lacinia bibendum nulla sed consectetur. Integer posuere erat a ante venenatis dapibus posuere velit aliquet.&#8221; subtitle=&#8221;Bacsant\u00e9&#8221;][\/gva_block_heading][vc_column_text]<\/p>\n<ul>\n<li>\n<h4>Soins m\u00e9dicaux sur chantier<\/h4>\n<\/li>\n<li>\n<h4>Accidents<\/h4>\n<\/li>\n<li>\n<h4>Urgences m\u00e9dicales Transferts<\/h4>\n<\/li>\n<\/ul>\n<p>[\/vc_column_text][\/vc_column_inner][\/vc_row_inner][\/vc_column][\/vc_row][vc_row][vc_column][vc_row_inner][vc_column_inner width=&#8221;1\/2&#8243;][gva_block_heading title=&#8221;Information, Education et Communication pour la sant\u00e9&#8221; style=&#8221;style-2&#8243; align=&#8221;align-left&#8221; desc=&#8221;Aenean lacinia bibendum nulla sed consectetur. Integer posuere erat a ante venenatis dapibus posuere velit aliquet.&#8221; subtitle=&#8221;Bacsant\u00e9&#8221;][\/gva_block_heading][vc_column_text]<\/p>\n<ul>\n<li>\n<h4>Pr\u00e9vention des maladies<\/h4>\n<\/li>\n<li>\n<h4>Causeries \u00e9ducatives<\/h4>\n<\/li>\n<li>\n<h4>Sensibilisation<\/h4>\n<\/li>\n<li>\n<h4>Partage d\u2019exp\u00e9riences<\/h4>\n<\/li>\n<\/ul>\n<p>[\/vc_column_text][\/vc_column_inner][vc_column_inner width=&#8221;1\/2&#8243;][vc_single_image image=&#8221;4285&#8243; img_size=&#8221;full&#8221; alignment=&#8221;center&#8221;][\/vc_column_inner][\/vc_row_inner][\/vc_column][\/vc_row][vc_row isfullwidth=&#8221;0&#8243; css=&#8221;.vc_custom_1535009088606{background-color: #f2f2f2 !important;background-position: 0 0 !important;background-repeat: repeat !important;}&#8221;][vc_column offset=&#8221;vc_col-lg-12 vc_col-md-12&#8243;][vc_row_inner][vc_column_inner width=&#8221;1\/2&#8243; offset=&#8221;vc_col-xs-12&#8243;][vc_single_image image=&#8221;4392&#8243; img_size=&#8221;full&#8221; alignment=&#8221;center&#8221;][\/vc_column_inner][vc_column_inner width=&#8221;1\/2&#8243; offset=&#8221;vc_col-xs-12&#8243;][gva_block_heading title=&#8221;Orientation m\u00e9dicale des touristes&#8221; style=&#8221;style-2&#8243; align=&#8221;align-left&#8221; desc=&#8221;Aenean lacinia bibendum nulla sed consectetur. Integer posuere erat a ante venenatis dapibus posuere velit aliquet.&#8221; subtitle=&#8221;Bacsant\u00e9&#8221;][\/gva_block_heading][vc_column_text]<\/p>\n<ul>\n<li>\n<h4>Quel H\u00f4pital?<\/h4>\n<\/li>\n<li>\n<h4>Quelle Clinique?<\/h4>\n<\/li>\n<li>\n<h4>Quelle Pharmacie?<\/h4>\n<\/li>\n<li>\n<h4>Quel M\u00e9decin?<\/h4>\n<\/li>\n<li>\n<h4>Quel emplacement?<\/h4>\n<\/li>\n<\/ul>\n<p>[\/vc_column_text][\/vc_column_inner][\/vc_row_inner][\/vc_column][\/vc_row][vc_row css=&#8221;.vc_custom_1641930376930{background-color: #ffffff !important;}&#8221;][vc_column][vc_row_inner][vc_column_inner width=&#8221;1\/2&#8243; offset=&#8221;vc_col-xs-12&#8243;][gva_block_heading title=&#8221;Assainissement et Hygi\u00e8ne&#8221; style=&#8221;style-2&#8243; align=&#8221;align-left&#8221; desc=&#8221;Aenean lacinia bibendum nulla sed consectetur. Integer posuere erat a ante venenatis dapibus posuere velit aliquet.&#8221; subtitle=&#8221;Bacsant\u00e9&#8221;][\/gva_block_heading][vc_column_text]<\/p>\n<ul>\n<li>\n<h4>Qualit\u00e9 de l&#8217;air<\/h4>\n<\/li>\n<li>\n<h4>Qualit\u00e9 de l\u2019eau<\/h4>\n<\/li>\n<li>\n<h4>Qualit\u00e9 de la lumi\u00e8re<\/h4>\n<\/li>\n<li>\n<h4>Qualit\u00e9 Sol et murs<\/h4>\n<\/li>\n<li>\n<h4>Qualit\u00e9 des aliments<\/h4>\n<\/li>\n<li>\n<h4>Maladies<\/h4>\n<\/li>\n<li>\n<h4>Professionnelles<\/h4>\n<\/li>\n<\/ul>\n<p>[\/vc_column_text][\/vc_column_inner][vc_column_inner width=&#8221;1\/2&#8243; offset=&#8221;vc_col-xs-12&#8243;][vc_single_image image=&#8221;4325&#8243; img_size=&#8221;full&#8221; alignment=&#8221;center&#8221;][\/vc_column_inner][\/vc_row_inner][\/vc_column][\/vc_row][vc_row css=&#8221;.vc_custom_1641930387618{background-color: #f2f2f2 !important;}&#8221;][vc_column][vc_row_inner][vc_column_inner width=&#8221;1\/2&#8243; offset=&#8221;vc_col-xs-12&#8243;][vc_single_image image=&#8221;4292&#8243; img_size=&#8221;full&#8221; alignment=&#8221;center&#8221;][\/vc_column_inner][vc_column_inner width=&#8221;1\/2&#8243; offset=&#8221;vc_col-xs-12&#8243;][gva_block_heading title=&#8221;Service M\u00e9dical d\u2019entreprise&#8221; style=&#8221;style-2&#8243; align=&#8221;align-left&#8221; desc=&#8221;Aenean lacinia bibendum nulla sed consectetur. Integer posuere erat a ante venenatis dapibus posuere velit aliquet.&#8221; subtitle=&#8221;Bacsant\u00e9&#8221;][\/gva_block_heading][vc_column_text]<\/p>\n<ul>\n<li>\n<h4>Infirmerie<\/h4>\n<\/li>\n<li>\n<h4>Dispensaire<\/h4>\n<\/li>\n<li>\n<h4>Centre M\u00e9dical<\/h4>\n<\/li>\n<li>\n<h4>Centre H\u00f4spitalier<\/h4>\n<\/li>\n<\/ul>\n<p>[\/vc_column_text][\/vc_column_inner][\/vc_row_inner][\/vc_column][\/vc_row][vc_row css=&#8221;.vc_custom_1641931087797{background-color: #ffffff !important;}&#8221;][vc_column][vc_row_inner][vc_column_inner width=&#8221;1\/2&#8243; offset=&#8221;vc_col-xs-12&#8243;][gva_block_heading title=&#8221;Approvisionnement et gestion des stocks des produits pharmaceutiques&#8221; style=&#8221;style-2&#8243; align=&#8221;align-left&#8221; desc=&#8221;Aenean lacinia bibendum nulla sed consectetur. Integer posuere erat a ante venenatis dapibus posuere velit aliquet.&#8221; subtitle=&#8221;Bacsant\u00e9&#8221;][\/gva_block_heading][vc_column_text]<\/p>\n<ul>\n<li>\n<h4>Trousse personnelle<\/h4>\n<\/li>\n<li>\n<h4>Trousse personnelle<\/h4>\n<\/li>\n<li>\n<h4>Trousse de bureau<\/h4>\n<\/li>\n<li>\n<h4>Pharmacie pour Centre M\u00e9dical<\/h4>\n<\/li>\n<li>\n<h4>Pharmacie pour Clinique<\/h4>\n<\/li>\n<li>\n<h4>Pharmacie pour H\u00f4pital<\/h4>\n<\/li>\n<\/ul>\n<p>[\/vc_column_text][\/vc_column_inner][vc_column_inner width=&#8221;1\/2&#8243; offset=&#8221;vc_col-xs-12&#8243;][vc_single_image image=&#8221;4391&#8243; img_size=&#8221;full&#8221; alignment=&#8221;center&#8221;][\/vc_column_inner][\/vc_row_inner][\/vc_column][\/vc_row][vc_row css=&#8221;.vc_custom_1641931095151{background-color: #f2f2f2 !important;}&#8221;][vc_column][vc_row_inner][vc_column_inner width=&#8221;1\/2&#8243; offset=&#8221;vc_col-xs-12&#8243;][vc_single_image image=&#8221;4287&#8243; img_size=&#8221;full&#8221; alignment=&#8221;center&#8221;][\/vc_column_inner][vc_column_inner width=&#8221;1\/2&#8243; offset=&#8221;vc_col-xs-12&#8243;][gva_block_heading title=&#8221;Projets de sant\u00e9&#8221; style=&#8221;style-2&#8243; align=&#8221;align-left&#8221; desc=&#8221;Aenean lacinia bibendum nulla sed consectetur. Integer posuere erat a ante venenatis dapibus posuere velit aliquet.&#8221; subtitle=&#8221;Bacsant\u00e9&#8221;][\/gva_block_heading][vc_column_text]<\/p>\n<ul>\n<li>\n<h4>Elaboration<\/h4>\n<\/li>\n<li>\n<h4>Gestion<\/h4>\n<\/li>\n<li>\n<h4>Mise en \u0153uvre<\/h4>\n<\/li>\n<li>\n<h4>Suivi-Evaluation<\/h4>\n<\/li>\n<li>\n<h4>Rapportage<\/h4>\n<\/li>\n<\/ul>\n<p>[\/vc_column_text][\/vc_column_inner][\/vc_row_inner][\/vc_column][\/vc_row][vc_row css=&#8221;.vc_custom_1641932631699{background-color: #ffffff !important;}&#8221;][vc_column][vc_row_inner][vc_column_inner offset=&#8221;vc_col-xs-12&#8243;][gva_block_heading title=&#8221;Sant\u00e9 environnementale et gestion des resources naturelles&#8221; style=&#8221;style-2&#8243; align=&#8221;align-left&#8221; desc=&#8221;Aenean lacinia bibendum nulla sed consectetur. Integer posuere erat a ante venenatis dapibus posuere velit aliquet.&#8221; subtitle=&#8221;Bacsant\u00e9&#8221;][\/gva_block_heading][vc_single_image image=&#8221;4397&#8243; img_size=&#8221;full&#8221;][\/vc_column_inner][\/vc_row_inner][\/vc_column][\/vc_row][vc_row css=&#8221;.vc_custom_1641931095151{background-color: #f2f2f2 !important;}&#8221;][vc_column][vc_row_inner][vc_column_inner offset=&#8221;vc_col-xs-12&#8243;][gva_block_heading title=&#8221;Formation premier secours&#8221; style=&#8221;style-2&#8243; align=&#8221;align-left&#8221; desc=&#8221;Aenean lacinia bibendum nulla sed consectetur. Integer posuere erat a ante venenatis dapibus posuere velit aliquet.&#8221; subtitle=&#8221;Bacsant\u00e9&#8221;][\/gva_block_heading][vc_single_image image=&#8221;4396&#8243; img_size=&#8221;large&#8221;][\/vc_column_inner][\/vc_row_inner][\/vc_column][\/vc_row]<\/p>\n","protected":false},"excerpt":{"rendered":"<p>[vc_row fullwidth=&#8221;0&#8243; row_space=&#8221;remove_padding&#8221; isfullwidth=&#8221;0&#8243;][vc_column][vc_row_inner el_class=&#8221;page-banner&#8221;][vc_column_inner el_class=&#8221;page-banner&#8221;][vc_single_image image=&#8221;4150&#8243; img_size=&#8221;full&#8221; alignment=&#8221;center&#8221; el_class=&#8221;blurry-image&#8221;][vc_column_text el_class=&#8221;banner-title&#8221;]NOS SERVICES[\/vc_column_text][\/vc_column_inner][\/vc_row_inner][\/vc_column][\/vc_row][vc_row isfullwidth=&#8221;0&#8243; css=&#8221;.vc_custom_1641928917716{background-color: #ffffff !important;background-position: 0 0 !important;background-repeat: repeat !important;}&#8221;][vc_column offset=&#8221;vc_col-lg-12 vc_col-md-12&#8243;][vc_row_inner][vc_column_inner width=&#8221;1\/2&#8243; offset=&#8221;vc_col-xs-12&#8243;][gva_block_heading title=&#8221;Contrats et conventions des soins m\u00e9dicaux&#8221; style=&#8221;style-2&#8243; align=&#8221;align-left&#8221; desc=&#8221;Aenean lacinia bibendum nulla sed consectetur. Integer posuere erat a ante venenatis dapibus posuere velit aliquet.&#8221; subtitle=&#8221;Bacsant\u00e9&#8221;][\/gva_block_heading][vc_column_text] Type de contrat Type de [&hellip;]<\/p>\n","protected":false},"author":2,"featured_media":0,"parent":0,"menu_order":0,"comment_status":"closed","ping_status":"closed","template":"","meta":{"_monsterinsights_skip_tracking":false,"_monsterinsights_sitenote_active":false,"_monsterinsights_sitenote_note":"","_monsterinsights_sitenote_category":0},"_links":{"self":[{"href":"https:\/\/bacsante.org\/index.php?rest_route=\/wp\/v2\/pages\/4319"}],"collection":[{"href":"https:\/\/bacsante.org\/index.php?rest_route=\/wp\/v2\/pages"}],"about":[{"href":"https:\/\/bacsante.org\/index.php?rest_route=\/wp\/v2\/types\/page"}],"author":[{"embeddable":true,"href":"https:\/\/bacsante.org\/index.php?rest_route=\/wp\/v2\/users\/2"}],"replies":[{"embeddable":true,"href":"https:\/\/bacsante.org\/index.php?rest_route=%2Fwp%2Fv2%2Fcomments&post=4319"}],"version-history":[{"count":15,"href":"https:\/\/bacsante.org\/index.php?rest_route=\/wp\/v2\/pages\/4319\/revisions"}],"predecessor-version":[{"id":4387,"href":"https:\/\/bacsante.org\/index.php?rest_route=\/wp\/v2\/pages\/4319\/revisions\/4387"}],"wp:attachment":[{"href":"https:\/\/bacsante.org\/index.php?rest_route=%2Fwp%2Fv2%2Fmedia&parent=4319"}],"curies":[{"name":"wp","href":"https:\/\/api.w.org\/{rel}","templated":true}]}}